{"id":1688,"date":"2026-01-21T08:55:25","date_gmt":"2026-01-21T08:55:25","guid":{"rendered":"https:\/\/famatel.ekypia.dev\/?page_id=1688"},"modified":"2026-03-27T08:52:56","modified_gmt":"2026-03-27T08:52:56","slug":"demande-de-devis","status":"publish","type":"page","link":"https:\/\/famatel.ekypia.dev\/index.php\/demande-de-devis\/","title":{"rendered":"Demande de devis"},"content":{"rendered":"\t\t<div data-elementor-type=\"wp-page\" data-elementor-id=\"1688\" class=\"elementor elementor-1688\" data-elementor-post-type=\"page\">\n\t\t\t\t<div class=\"elementor-element elementor-element-9299d23 border-bottom e-con-full e-flex e-con e-parent\" data-id=\"9299d23\" data-element_type=\"container\">\n\t\t<div class=\"elementor-element elementor-element-1890134 e-con-full e-flex e-con e-child\" data-id=\"1890134\" data-element_type=\"container\">\n\t\t\t\t<div class=\"elementor-element elementor-element-7cae81e elementor-widget elementor-widget-heading\" data-id=\"7cae81e\" data-element_type=\"widget\" data-widget_type=\"heading.default\">\n\t\t\t\t<div class=\"elementor-widget-container\">\n\t\t\t<style>\/*! elementor - v3.21.0 - 30-04-2024 *\/\n.elementor-heading-title{padding:0;margin:0;line-height:1}.elementor-widget-heading .elementor-heading-title[class*=elementor-size-]>a{color:inherit;font-size:inherit;line-height:inherit}.elementor-widget-heading .elementor-heading-title.elementor-size-small{font-size:15px}.elementor-widget-heading .elementor-heading-title.elementor-size-medium{font-size:19px}.elementor-widget-heading .elementor-heading-title.elementor-size-large{font-size:29px}.elementor-widget-heading .elementor-heading-title.elementor-size-xl{font-size:39px}.elementor-widget-heading .elementor-heading-title.elementor-size-xxl{font-size:59px}<\/style><h1 class=\"elementor-heading-title elementor-size-default\">Demande de devis<\/h1>\t\t<\/div>\n\t\t\t\t<\/div>\n\t\t\t\t<div class=\"elementor-element elementor-element-2f68309 elementor-widget elementor-widget-heading\" data-id=\"2f68309\" data-element_type=\"widget\" data-widget_type=\"heading.default\">\n\t\t\t\t<div class=\"elementor-widget-container\">\n\t\t\t<span class=\"elementor-heading-title elementor-size-default\">Un projet en t\u00eate ? Demandez votre devis personnalis\u00e9.<\/span>\t\t<\/div>\n\t\t\t\t<\/div>\n\t\t\t\t<div class=\"elementor-element elementor-element-ad96aff elementor-widget elementor-widget-image\" data-id=\"ad96aff\" data-element_type=\"widget\" data-widget_type=\"image.default\">\n\t\t\t\t<div class=\"elementor-widget-container\">\n\t\t\t<style>\/*! elementor - v3.21.0 - 30-04-2024 *\/\n.elementor-widget-image{text-align:center}.elementor-widget-image a{display:inline-block}.elementor-widget-image a img[src$=\".svg\"]{width:48px}.elementor-widget-image img{vertical-align:middle;display:inline-block}<\/style>\t\t\t\t\t\t\t\t\t\t<img fetchpriority=\"high\" decoding=\"async\" width=\"621\" height=\"1024\" src=\"https:\/\/famatel.ekypia.dev\/wp-content\/uploads\/2026\/03\/photodevis-621x1024.png\" class=\"attachment-large size-large wp-image-1727\" alt=\"\" srcset=\"https:\/\/famatel.ekypia.dev\/wp-content\/uploads\/2026\/03\/photodevis-621x1024.png 621w, https:\/\/famatel.ekypia.dev\/wp-content\/uploads\/2026\/03\/photodevis-182x300.png 182w, https:\/\/famatel.ekypia.dev\/wp-content\/uploads\/2026\/03\/photodevis.png 655w\" sizes=\"(max-width: 621px) 100vw, 621px\" \/>\t\t\t\t\t\t\t\t\t\t\t\t\t<\/div>\n\t\t\t\t<\/div>\n\t\t\t\t<\/div>\n\t\t<div class=\"elementor-element elementor-element-0f46e31 e-con-full e-flex e-con e-child\" data-id=\"0f46e31\" data-element_type=\"container\">\n\t\t\t\t<div class=\"elementor-element elementor-element-3bb84e4 elementor-widget__width-inherit elementor-widget elementor-widget-wpforms\" data-id=\"3bb84e4\" data-element_type=\"widget\" id=\"form-devis\" data-widget_type=\"wpforms.default\">\n\t\t\t\t<div class=\"elementor-widget-container\">\n\t\t\t<div class=\"wpforms-container wpforms-container-full wpforms-render-modern\" id=\"wpforms-1504\"><form id=\"wpforms-form-1504\" class=\"wpforms-validate wpforms-form\" data-formid=\"1504\" method=\"post\" enctype=\"multipart\/form-data\" action=\"\/index.php\/wp-json\/wp\/v2\/pages\/1688\" data-token=\"cb3293d4c32c8aad043c1f02bdb7ad7c\" data-token-time=\"1778517826\"><noscript class=\"wpforms-error-noscript\">Veuillez activer JavaScript dans votre navigateur pour remplir ce formulaire.<\/noscript><div id=\"wpforms-error-noscript\" style=\"display: none;\">Veuillez activer JavaScript dans votre navigateur pour remplir ce formulaire.<\/div><div class=\"wpforms-field-container\">\t\t<div id=\"wpforms-1504-field_8-container\"\n\t\t\tclass=\"wpforms-field wpforms-field-text\"\n\t\t\tdata-field-type=\"text\"\n\t\t\tdata-field-id=\"8\"\n\t\t\t>\n\t\t\t<label class=\"wpforms-field-label\" for=\"wpforms-1504-field_8\" >\/ Pr\u00e9nom mail<\/label>\n\t\t\t<input type=\"text\" id=\"wpforms-1504-field_8\" class=\"wpforms-field-medium\" name=\"wpforms[fields][8]\" >\n\t\t<\/div>\n\t\t<div id=\"wpforms-1504-field_1-container\" class=\"wpforms-field wpforms-field-text\" data-field-id=\"1\"><label class=\"wpforms-field-label\" for=\"wpforms-1504-field_1\">Soci\u00e9t\u00e9<\/label><input type=\"text\" id=\"wpforms-1504-field_1\" class=\"wpforms-field-large\" name=\"wpforms[fields][1]\" aria-errormessage=\"wpforms-1504-field_1-error\" ><\/div><div id=\"wpforms-1504-field_2-container\" class=\"wpforms-field wpforms-field-text\" data-field-id=\"2\"><label class=\"wpforms-field-label\" for=\"wpforms-1504-field_2\">Activit\u00e9<\/label><input type=\"text\" id=\"wpforms-1504-field_2\" class=\"wpforms-field-large\" name=\"wpforms[fields][2]\" aria-errormessage=\"wpforms-1504-field_2-error\" ><\/div><div id=\"wpforms-1504-field_3-container\" class=\"wpforms-field wpforms-field-name\" data-field-id=\"3\"><fieldset><legend class=\"wpforms-field-label\">Nom \/ Pr\u00e9nom<\/legend><div class=\"wpforms-field-row wpforms-field-large\"><div class=\"wpforms-field-row-block wpforms-first wpforms-one-half\"><input type=\"text\" id=\"wpforms-1504-field_3\" class=\"wpforms-field-name-first\" name=\"wpforms[fields][3][first]\" aria-errormessage=\"wpforms-1504-field_3-error\" ><label for=\"wpforms-1504-field_3\" class=\"wpforms-field-sublabel after\">Pr\u00e9nom<\/label><\/div><div class=\"wpforms-field-row-block wpforms-one-half\"><input type=\"text\" id=\"wpforms-1504-field_3-last\" class=\"wpforms-field-name-last\" name=\"wpforms[fields][3][last]\" aria-errormessage=\"wpforms-1504-field_3-last-error\" ><label for=\"wpforms-1504-field_3-last\" class=\"wpforms-field-sublabel after\">Nom<\/label><\/div><\/div><\/fieldset><\/div><div id=\"wpforms-1504-field_4-container\" class=\"wpforms-field wpforms-field-text\" data-field-id=\"4\"><label class=\"wpforms-field-label\" for=\"wpforms-1504-field_4\">Adresse<\/label><input type=\"text\" id=\"wpforms-1504-field_4\" class=\"wpforms-field-large\" name=\"wpforms[fields][4]\" aria-errormessage=\"wpforms-1504-field_4-error\" ><\/div><div id=\"wpforms-1504-field_5-container\" class=\"wpforms-field wpforms-field-email\" data-field-id=\"5\"><label class=\"wpforms-field-label\" for=\"wpforms-1504-field_5\">Adresse mail<\/label><input type=\"email\" id=\"wpforms-1504-field_5\" class=\"wpforms-field-large\" name=\"wpforms[fields][5]\" spellcheck=\"false\" aria-errormessage=\"wpforms-1504-field_5-error\" ><\/div><div id=\"wpforms-1504-field_6-container\" class=\"wpforms-field wpforms-field-phone\" data-field-id=\"6\"><label class=\"wpforms-field-label\" for=\"wpforms-1504-field_6\">T\u00e9l\u00e9phone<\/label><input type=\"tel\" id=\"wpforms-1504-field_6\" class=\"wpforms-field-large\" data-rule-int-phone-field=\"true\" name=\"wpforms[fields][6]\" aria-label=\"T\u00e9l\u00e9phone\" aria-errormessage=\"wpforms-1504-field_6-error\" ><\/div><div id=\"wpforms-1504-field_7-container\" class=\"wpforms-field wpforms-field-textarea\" data-field-id=\"7\"><label class=\"wpforms-field-label\" for=\"wpforms-1504-field_7\">Votre demande (d\u00e9tails)<\/label><textarea id=\"wpforms-1504-field_7\" class=\"wpforms-field-medium\" name=\"wpforms[fields][7]\" aria-errormessage=\"wpforms-1504-field_7-error\" ><\/textarea><\/div><script>\n\t\t\t\t( function() {\n\t\t\t\t\tconst style = document.createElement( 'style' );\n\t\t\t\t\tstyle.appendChild( document.createTextNode( '#wpforms-1504-field_8-container { position: absolute !important; overflow: hidden !important; display: inline !important; height: 1px !important; width: 1px !important; z-index: -1000 !important; padding: 0 !important; } #wpforms-1504-field_8-container input { visibility: hidden; } #wpforms-conversational-form-page #wpforms-1504-field_8-container label { counter-increment: none; }' ) );\n\t\t\t\t\tdocument.head.appendChild( style );\n\t\t\t\t\tdocument.currentScript?.remove();\n\t\t\t\t} )();\n\t\t\t<\/script><\/div><!-- .wpforms-field-container --><div class=\"wpforms-submit-container\" ><input type=\"hidden\" name=\"wpforms[id]\" value=\"1504\"><input type=\"hidden\" name=\"page_title\" value=\"\"><input type=\"hidden\" name=\"page_url\" value=\"https:\/\/famatel.ekypia.dev\/index.php\/wp-json\/wp\/v2\/pages\/1688\"><input type=\"hidden\" name=\"url_referer\" value=\"\"><button type=\"submit\" name=\"wpforms[submit]\" id=\"wpforms-submit-1504\" class=\"wpforms-submit\" data-alt-text=\"Envoi...\" data-submit-text=\"Envoyer ma demande de devis\" aria-live=\"assertive\" value=\"wpforms-submit\">Envoyer ma demande de devis<\/button><\/div><\/form><\/div>  <!-- .wpforms-container -->\t\t<\/div>\n\t\t\t\t<\/div>\n\t\t\t\t<\/div>\n\t\t\t\t<\/div>\n\t\t\t\t<\/div>\n\t\t","protected":false},"excerpt":{"rendered":"<p>Demande de devis Un projet en t\u00eate ? Demandez votre devis personnalis\u00e9. Veuillez activer JavaScript dans votre navigateur pour remplir ce formulaire.Veuillez activer JavaScript dans votre navigateur pour remplir ce formulaire.Soci\u00e9t\u00e9Activit\u00e9 Nom \/ Pr\u00e9nom Pr\u00e9nomNom AdresseAdresse mailT\u00e9l\u00e9phone Votre demande (d\u00e9tails) Envoyer ma demande de devis<\/p>\n","protected":false},"author":1,"featured_media":0,"parent":0,"menu_order":0,"comment_status":"closed","ping_status":"closed","template":"","meta":{"_acf_changed":false,"footnotes":""},"class_list":["post-1688","page","type-page","status-publish","hentry"],"acf":[],"yoast_head":"<!-- This site is optimized with the Yoast SEO plugin v22.6 - https:\/\/yoast.com\/wordpress\/plugins\/seo\/ -->\n<title>Demande de devis - Famatel<\/title>\n<meta name=\"robots\" content=\"index, follow, max-snippet:-1, max-image-preview:large, max-video-preview:-1\" \/>\n<link rel=\"canonical\" href=\"https:\/\/famatel.ekypia.dev\/index.php\/demande-de-devis\/\" \/>\n<meta property=\"og:locale\" content=\"fr_FR\" \/>\n<meta property=\"og:type\" content=\"article\" \/>\n<meta property=\"og:title\" content=\"Demande de devis - Famatel\" \/>\n<meta property=\"og:description\" content=\"Demande de devis Un projet en t\u00eate ? Demandez votre devis personnalis\u00e9. Veuillez activer JavaScript dans votre navigateur pour remplir ce formulaire.Veuillez activer JavaScript dans votre navigateur pour remplir ce formulaire.Soci\u00e9t\u00e9Activit\u00e9 Nom \/ Pr\u00e9nom Pr\u00e9nomNom AdresseAdresse mailT\u00e9l\u00e9phone Votre demande (d\u00e9tails) Envoyer ma demande de devis\" \/>\n<meta property=\"og:url\" content=\"https:\/\/famatel.ekypia.dev\/index.php\/demande-de-devis\/\" \/>\n<meta property=\"og:site_name\" content=\"Famatel\" \/>\n<meta property=\"article:modified_time\" content=\"2026-03-27T08:52:56+00:00\" \/>\n<meta property=\"og:image\" content=\"https:\/\/famatel.ekypia.dev\/wp-content\/uploads\/2026\/03\/photodevis-621x1024.png\" \/>\n<meta name=\"twitter:card\" content=\"summary_large_image\" \/>\n<meta name=\"twitter:label1\" content=\"Dur\u00e9e de lecture estim\u00e9e\" \/>\n\t<meta name=\"twitter:data1\" content=\"1 minute\" \/>\n<script type=\"application\/ld+json\" class=\"yoast-schema-graph\">{\"@context\":\"https:\/\/schema.org\",\"@graph\":[{\"@type\":\"WebPage\",\"@id\":\"https:\/\/famatel.ekypia.dev\/index.php\/demande-de-devis\/\",\"url\":\"https:\/\/famatel.ekypia.dev\/index.php\/demande-de-devis\/\",\"name\":\"Demande de devis - Famatel\",\"isPartOf\":{\"@id\":\"https:\/\/famatel.ekypia.dev\/#website\"},\"primaryImageOfPage\":{\"@id\":\"https:\/\/famatel.ekypia.dev\/index.php\/demande-de-devis\/#primaryimage\"},\"image\":{\"@id\":\"https:\/\/famatel.ekypia.dev\/index.php\/demande-de-devis\/#primaryimage\"},\"thumbnailUrl\":\"https:\/\/famatel.ekypia.dev\/wp-content\/uploads\/2026\/03\/photodevis-621x1024.png\",\"datePublished\":\"2026-01-21T08:55:25+00:00\",\"dateModified\":\"2026-03-27T08:52:56+00:00\",\"breadcrumb\":{\"@id\":\"https:\/\/famatel.ekypia.dev\/index.php\/demande-de-devis\/#breadcrumb\"},\"inLanguage\":\"fr-FR\",\"potentialAction\":[{\"@type\":\"ReadAction\",\"target\":[\"https:\/\/famatel.ekypia.dev\/index.php\/demande-de-devis\/\"]}]},{\"@type\":\"ImageObject\",\"inLanguage\":\"fr-FR\",\"@id\":\"https:\/\/famatel.ekypia.dev\/index.php\/demande-de-devis\/#primaryimage\",\"url\":\"https:\/\/famatel.ekypia.dev\/wp-content\/uploads\/2026\/03\/photodevis.png\",\"contentUrl\":\"https:\/\/famatel.ekypia.dev\/wp-content\/uploads\/2026\/03\/photodevis.png\",\"width\":655,\"height\":1080},{\"@type\":\"BreadcrumbList\",\"@id\":\"https:\/\/famatel.ekypia.dev\/index.php\/demande-de-devis\/#breadcrumb\",\"itemListElement\":[{\"@type\":\"ListItem\",\"position\":1,\"name\":\"Accueil\",\"item\":\"https:\/\/famatel.ekypia.dev\/\"},{\"@type\":\"ListItem\",\"position\":2,\"name\":\"Demande de devis\"}]},{\"@type\":\"WebSite\",\"@id\":\"https:\/\/famatel.ekypia.dev\/#website\",\"url\":\"https:\/\/famatel.ekypia.dev\/\",\"name\":\"Famatel\",\"description\":\"\",\"potentialAction\":[{\"@type\":\"SearchAction\",\"target\":{\"@type\":\"EntryPoint\",\"urlTemplate\":\"https:\/\/famatel.ekypia.dev\/?s={search_term_string}\"},\"query-input\":\"required name=search_term_string\"}],\"inLanguage\":\"fr-FR\"}]}<\/script>\n<!-- \/ Yoast SEO plugin. -->","yoast_head_json":{"title":"Demande de devis - Famatel","robots":{"index":"index","follow":"follow","max-snippet":"max-snippet:-1","max-image-preview":"max-image-preview:large","max-video-preview":"max-video-preview:-1"},"canonical":"https:\/\/famatel.ekypia.dev\/index.php\/demande-de-devis\/","og_locale":"fr_FR","og_type":"article","og_title":"Demande de devis - Famatel","og_description":"Demande de devis Un projet en t\u00eate ? Demandez votre devis personnalis\u00e9. Veuillez activer JavaScript dans votre navigateur pour remplir ce formulaire.Veuillez activer JavaScript dans votre navigateur pour remplir ce formulaire.Soci\u00e9t\u00e9Activit\u00e9 Nom \/ Pr\u00e9nom Pr\u00e9nomNom AdresseAdresse mailT\u00e9l\u00e9phone Votre demande (d\u00e9tails) Envoyer ma demande de devis","og_url":"https:\/\/famatel.ekypia.dev\/index.php\/demande-de-devis\/","og_site_name":"Famatel","article_modified_time":"2026-03-27T08:52:56+00:00","og_image":[{"url":"https:\/\/famatel.ekypia.dev\/wp-content\/uploads\/2026\/03\/photodevis-621x1024.png"}],"twitter_card":"summary_large_image","twitter_misc":{"Dur\u00e9e de lecture estim\u00e9e":"1 minute"},"schema":{"@context":"https:\/\/schema.org","@graph":[{"@type":"WebPage","@id":"https:\/\/famatel.ekypia.dev\/index.php\/demande-de-devis\/","url":"https:\/\/famatel.ekypia.dev\/index.php\/demande-de-devis\/","name":"Demande de devis - Famatel","isPartOf":{"@id":"https:\/\/famatel.ekypia.dev\/#website"},"primaryImageOfPage":{"@id":"https:\/\/famatel.ekypia.dev\/index.php\/demande-de-devis\/#primaryimage"},"image":{"@id":"https:\/\/famatel.ekypia.dev\/index.php\/demande-de-devis\/#primaryimage"},"thumbnailUrl":"https:\/\/famatel.ekypia.dev\/wp-content\/uploads\/2026\/03\/photodevis-621x1024.png","datePublished":"2026-01-21T08:55:25+00:00","dateModified":"2026-03-27T08:52:56+00:00","breadcrumb":{"@id":"https:\/\/famatel.ekypia.dev\/index.php\/demande-de-devis\/#breadcrumb"},"inLanguage":"fr-FR","potentialAction":[{"@type":"ReadAction","target":["https:\/\/famatel.ekypia.dev\/index.php\/demande-de-devis\/"]}]},{"@type":"ImageObject","inLanguage":"fr-FR","@id":"https:\/\/famatel.ekypia.dev\/index.php\/demande-de-devis\/#primaryimage","url":"https:\/\/famatel.ekypia.dev\/wp-content\/uploads\/2026\/03\/photodevis.png","contentUrl":"https:\/\/famatel.ekypia.dev\/wp-content\/uploads\/2026\/03\/photodevis.png","width":655,"height":1080},{"@type":"BreadcrumbList","@id":"https:\/\/famatel.ekypia.dev\/index.php\/demande-de-devis\/#breadcrumb","itemListElement":[{"@type":"ListItem","position":1,"name":"Accueil","item":"https:\/\/famatel.ekypia.dev\/"},{"@type":"ListItem","position":2,"name":"Demande de devis"}]},{"@type":"WebSite","@id":"https:\/\/famatel.ekypia.dev\/#website","url":"https:\/\/famatel.ekypia.dev\/","name":"Famatel","description":"","potentialAction":[{"@type":"SearchAction","target":{"@type":"EntryPoint","urlTemplate":"https:\/\/famatel.ekypia.dev\/?s={search_term_string}"},"query-input":"required name=search_term_string"}],"inLanguage":"fr-FR"}]}},"_links":{"self":[{"href":"https:\/\/famatel.ekypia.dev\/index.php\/wp-json\/wp\/v2\/pages\/1688","targetHints":{"allow":["GET"]}}],"collection":[{"href":"https:\/\/famatel.ekypia.dev\/index.php\/wp-json\/wp\/v2\/pages"}],"about":[{"href":"https:\/\/famatel.ekypia.dev\/index.php\/wp-json\/wp\/v2\/types\/page"}],"author":[{"embeddable":true,"href":"https:\/\/famatel.ekypia.dev\/index.php\/wp-json\/wp\/v2\/users\/1"}],"replies":[{"embeddable":true,"href":"https:\/\/famatel.ekypia.dev\/index.php\/wp-json\/wp\/v2\/comments?post=1688"}],"version-history":[{"count":19,"href":"https:\/\/famatel.ekypia.dev\/index.php\/wp-json\/wp\/v2\/pages\/1688\/revisions"}],"predecessor-version":[{"id":1730,"href":"https:\/\/famatel.ekypia.dev\/index.php\/wp-json\/wp\/v2\/pages\/1688\/revisions\/1730"}],"wp:attachment":[{"href":"https:\/\/famatel.ekypia.dev\/index.php\/wp-json\/wp\/v2\/media?parent=1688"}],"curies":[{"name":"wp","href":"https:\/\/api.w.org\/{rel}","templated":true}]}}